{"id":558,"date":"2021-04-01T08:07:14","date_gmt":"2021-04-01T08:07:14","guid":{"rendered":"http:\/\/www.nicdarkthemes.com\/themes\/seafood\/wp\/demo\/seafood\/?page_id=558"},"modified":"2021-04-01T08:07:14","modified_gmt":"2021-04-01T08:07:14","slug":"archive","status":"publish","type":"page","link":"https:\/\/ovifon.hu\/en\/archive\/","title":{"rendered":"Archive"},"content":{"rendered":"<div data-elementor-type=\"wp-page\" data-elementor-id=\"558\" class=\"elementor elementor-558\" data-elementor-settings=\"[]\">\n\t\t\t\t\t\t\t<div class=\"elementor-section-wrap\">\n\t\t\t\t\t\t\t<section class=\"elementor-section elementor-top-section elementor-element elementor-element-169add2f elementor-section-stretched elementor-section-content-middle elementor-section-boxed elementor-section-height-default elementor-section-height-default\" data-id=\"169add2f\" data-element_type=\"section\" data-settings=\"{&quot;stretch_section&quot;:&quot;section-stretched&quot;,&quot;background_background&quot;:&quot;classic&quot;}\">\n\t\t\t\t\t\t\t<div class=\"elementor-background-overlay\"><\/div>\n\t\t\t\t\t\t\t<div class=\"elementor-container elementor-column-gap-default\">\n\t\t\t\t\t<div class=\"elementor-column elementor-col-100 elementor-top-column elementor-element elementor-element-8e79d9\" data-id=\"8e79d9\" data-element_type=\"column\">\n\t\t\t<div class=\"elementor-widget-wrap elementor-element-populated\">\n\t\t\t\t\t\t\t\t<div class=\"elementor-element elementor-element-1b699525 elementor-widget elementor-widget-heading\" data-id=\"1b699525\" data-element_type=\"widget\" data-widget_type=\"heading.default\">\n\t\t\t\t<div class=\"elementor-widget-container\">\n\t\t\t<style>\/*! elementor - v3.5.1 - 20-12-2021 *\/\n.elementor-heading-title{padding:0;margin:0;line-height:1}.elementor-widget-heading .elementor-heading-title[class*=elementor-size-]>a{color:inherit;font-size:inherit;line-height:inherit}.elementor-widget-heading .elementor-heading-title.elementor-size-small{font-size:15px}.elementor-widget-heading .elementor-heading-title.elementor-size-medium{font-size:19px}.elementor-widget-heading .elementor-heading-title.elementor-size-large{font-size:29px}.elementor-widget-heading .elementor-heading-title.elementor-size-xl{font-size:39px}.elementor-widget-heading .elementor-heading-title.elementor-size-xxl{font-size:59px}<\/style><h1 class=\"elementor-heading-title elementor-size-default\">Archive<\/h1>\t\t<\/div>\n\t\t\t\t<\/div>\n\t\t\t\t\t<\/div>\n\t\t<\/div>\n\t\t\t\t\t\t\t<\/div>\n\t\t<\/section>\n\t\t\t\t<section class=\"elementor-section elementor-top-section elementor-element elementor-element-1687d60f elementor-section-stretched elementor-section-boxed elementor-section-height-default elementor-section-height-default\" data-id=\"1687d60f\" data-element_type=\"section\" data-settings=\"{&quot;stretch_section&quot;:&quot;section-stretched&quot;,&quot;background_background&quot;:&quot;classic&quot;}\">\n\t\t\t\t\t\t<div class=\"elementor-container elementor-column-gap-default\">\n\t\t\t\t\t<div class=\"elementor-column elementor-col-100 elementor-top-column elementor-element elementor-element-10e692c5\" data-id=\"10e692c5\" data-element_type=\"column\">\n\t\t\t<div class=\"elementor-widget-wrap elementor-element-populated\">\n\t\t\t\t\t\t\t\t<div class=\"elementor-element elementor-element-5e6dde5e elementor-widget elementor-widget-postgrid\" data-id=\"5e6dde5e\" data-element_type=\"widget\" data-widget_type=\"postgrid.default\">\n\t\t\t\t<div class=\"elementor-widget-container\">\n\t\t\t\n<div class=\"nd_elements_section nd_elements_masonry_content\">\n\t    \t<div class=\"nd_elements_width_33_percentage nd_elements_width_100_percentage_iphone nd_elements_width_50_percentage_ipad nd_elements_float_left nd_elements_masonry_item nd_elements_padding_15 nd_elements_box_sizing_border_box\">\n\n\t\t\t\t<div class=\"nd_elements_section nd_elements_position_relative\">\n                        \n\t\t\t\t    <a href=\"https:\/\/ovifon.hu\/en\/free-seminars\/\"><img decoding=\"async\" class=\"nd_elements_section\" alt=\"\" src=\"https:\/\/ovifon.hu\/wp-content\/uploads\/2021\/03\/post-5.jpeg\"><\/a>\n\n\t\t\t\t    <div class=\"nd_elements_position_absolute nd_elements_left_0 nd_elements_height_100_percentage nd_elements_width_100_percentage nd_elements_padding_20_iphone nd_elements_padding_40 nd_elements_box_sizing_border_box\">\n\n\t\t\t\t        <div class=\"nd_elements_display_table nd_elements_width_100_percentage nd_elements_height_100_percentage nd_elements_text_align_center\">\n\n\t\t\t\t            <div class=\"nd_elements_display_table_cell nd_elements_vertical_align_middle\">\n\n\t\t\t\t            \t<a class=\"nd_elements_section\" href=\"http:\/\/www.nicdark.com\">\n\t\t\t\t\t    \t\t\t<h3 class=\"nd_options_color_white nd_elements_font_size_23 nd_elements_word_break_break_word nd_elements_font_size_20_iphone nd_elements_line_height_23 nd_elements_margin_0_important nd_elements_letter_spacing_1\">www.nicdark.com<\/h3>\n\t\t\t\t\t    \t\t<\/a>\n\t\t\t\t\t    \t\t<div class=\"nd_elements_section nd_elements_height_10\"><\/div>\n\t\t\t\t\t    \t\t<img decoding=\"async\" loading=\"lazy\" alt=\"\" class=\"\" width=\"25\" height=\"25\" src=\"https:\/\/ovifon.hu\/wp-content\/plugins\/nd-elements\/widgets\/postgrid\/layout\/img\/icon-link.png\">\n\t\t\t\t\t    \t\t\n\t\t\t\t            <\/div>\n\n\t\t\t\t        <\/div>\n\n\t\t\t\t    <\/div>\n\n\t\t\t\t<\/div>\n\n\t\t\t<\/div>\n\t    \t<div class=\"nd_elements_width_33_percentage nd_elements_width_100_percentage_iphone nd_elements_width_50_percentage_ipad nd_elements_float_left nd_elements_masonry_item nd_elements_padding_15 nd_elements_box_sizing_border_box\">\n\n\t    \t\t<div class=\"nd_elements_section nd_elements_background_color_fff nd_elements_border_1_solid_grey\">\n\n\t\t    \t\t<a href=\"https:\/\/ovifon.hu\/en\/certifications\/\"><img decoding=\"async\" class=\"nd_elements_section\" alt=\"\" src=\"https:\/\/ovifon.hu\/wp-content\/uploads\/2021\/03\/post-1.jpeg\"><\/a>\n\n\t\t    \t\t\n\n\n\t\t    \t\t<div class=\"nd_elements_section nd_elements_padding_40 nd_elements_padding_20_iphone nd_elements_box_sizing_border_box\">\n\t\t    \t\t \n\n\t\t    \t\t\t<p style=\"border-left-color:#6fc191\" class=\"nd_elements_margin_0_important nd_elements_padding_0 nd_elements_letter_spacing_1 nd_elements_font_size_13  nd_elements_line_height_13 nd_elements_padding_left_15 nd_elements_border_left_style_solid nd_elements_border_width_2\">2021.03.26.\t\n\t\t    \t\t\t<\/p>\n\t\t\t    \t\t<div class=\"nd_elements_section nd_elements_height_15\"><\/div>\n\n\t\t\t\t    \t<a class=\"nd_elements_section\" href=\"https:\/\/ovifon.hu\/en\/certifications\/\">\n\t\t\t\t    \t\t<h3 class=\"nd_elements_font_size_23 nd_elements_word_break_break_word nd_elements_font_size_20_iphone nd_elements_line_height_23 nd_elements_margin_0_important nd_elements_letter_spacing_1\"><strong>Certifications<\/strong><\/h3>\n\t\t\t\t    \t<\/a>\n\t\t\t\t    \t<div class=\"nd_elements_section nd_elements_height_20\"><\/div>\n\t\t\t\t    \t<p class=\"nd_elements_font_size_15 nd_elements_section nd_elements_margin_0_important nd_elements_line_height_2\">Lorem ipsum dolor sit amet, consectetur adipiscing elit. Etiam pharetra, risus ac hendrerit consectetur, elit nisl luctus est.<\/p>\n\t\t\t\t    \t<div class=\"nd_elements_section nd_elements_height_20\"><\/div>\n\n\t\t\t\t    \t<a class=\"nd_options_color_white nd_elements_font_size_13 nd_elements_letter_spacing_1 nd_elements_line_height_1 nd_elements_padding_10_20\" style=\"background-color:#6fc191;\" href=\"https:\/\/ovifon.hu\/en\/certifications\/\"><strong>READ MORE<\/strong><\/a>\n\n\t\t\t\t\t<\/div>\n\n\t\t\t\t<\/div>\n\t\t    \t\n\t\t\t<\/div>\n\t    \t<div class=\"nd_elements_width_33_percentage nd_elements_width_100_percentage_iphone nd_elements_width_50_percentage_ipad nd_elements_float_left nd_elements_masonry_item nd_elements_padding_15 nd_elements_box_sizing_border_box\">\n\n\t\t\t\t<div class=\"nd_elements_section nd_elements_position_relative\">\n                        \n\t\t\t\t    <a href=\"https:\/\/ovifon.hu\/en\/school-review\/\"><img decoding=\"async\" class=\"nd_elements_section\" alt=\"\" src=\"https:\/\/ovifon.hu\/wp-content\/uploads\/2021\/03\/post-4.jpeg\"><\/a>\n\n\t\t\t\t    <div class=\"nd_elements_position_absolute nd_elements_left_0 nd_elements_height_100_percentage nd_elements_width_100_percentage nd_elements_padding_20_iphone nd_elements_padding_40 nd_elements_box_sizing_border_box\">\n\n\t\t\t\t        <div class=\"nd_elements_display_table nd_elements_width_100_percentage nd_elements_height_100_percentage nd_elements_text_align_center\">\n\n\t\t\t\t            <div class=\"nd_elements_display_table_cell nd_elements_vertical_align_middle\">\n\n\t\t\t\t            \t<a class=\"nd_elements_section\" href=\"https:\/\/ovifon.hu\/en\/school-review\/\">\n\t\t\t\t\t    \t\t\t<h3 class=\"nd_options_color_white nd_elements_font_size_23 nd_elements_word_break_break_word nd_elements_font_size_20_iphone nd_elements_line_height_30 nd_elements_margin_0_important nd_elements_letter_spacing_1\">A excellent school is like a tasty & good vacation.<\/h3>\n\t\t\t\t\t    \t\t<\/a>\n\t\t\t\t\t    \t\t<div class=\"nd_elements_section nd_elements_height_20\"><\/div>\n\t\t\t\t\t    \t\t<p class=\"nd_options_color_white nd_elements_margin_0_important nd_elements_padding_0 nd_elements_letter_spacing_1 nd_elements_font_size_13 nd_elements_text_transform_uppercase nd_elements_line_height_13\">Emily Miller<\/p>\n\t\t\t\t\t    \t\t<div class=\"nd_elements_section nd_elements_height_10\"><\/div>\n\t\t\t\t\t    \t\t<img decoding=\"async\" loading=\"lazy\" alt=\"\" class=\"\" width=\"25\" height=\"25\" src=\"https:\/\/ovifon.hu\/wp-content\/plugins\/nd-elements\/widgets\/postgrid\/layout\/img\/quote-icon.png\">\n\t\t\t\t\t    \t\t\n\t\t\t\t            <\/div>\n\n\t\t\t\t        <\/div>\n\n\t\t\t\t    <\/div>\n\n\t\t\t\t<\/div>\n\n\t\t\t<\/div>\n\t    \t<div class=\"nd_elements_width_33_percentage nd_elements_width_100_percentage_iphone nd_elements_width_50_percentage_ipad nd_elements_float_left nd_elements_masonry_item nd_elements_padding_15 nd_elements_box_sizing_border_box\">\n\n\t    \t\t<div class=\"nd_elements_section nd_elements_background_color_fff nd_elements_border_1_solid_grey\">\n\n\t\t    \t\t<a href=\"https:\/\/ovifon.hu\/en\/new-courses\/\"><img decoding=\"async\" class=\"nd_elements_section\" alt=\"\" src=\"https:\/\/ovifon.hu\/wp-content\/uploads\/2021\/03\/post-3.jpeg\"><\/a>\n\n\t\t    \t\t\n\n\n\t\t    \t\t<div class=\"nd_elements_section nd_elements_padding_40 nd_elements_padding_20_iphone nd_elements_box_sizing_border_box\">\n\t\t    \t\t \n\n\t\t    \t\t\t<p style=\"border-left-color:#c489ce\" class=\"nd_elements_margin_0_important nd_elements_padding_0 nd_elements_letter_spacing_1 nd_elements_font_size_13  nd_elements_line_height_13 nd_elements_padding_left_15 nd_elements_border_left_style_solid nd_elements_border_width_2\">2021.03.26.\t\n\t\t    \t\t\t<\/p>\n\t\t\t    \t\t<div class=\"nd_elements_section nd_elements_height_15\"><\/div>\n\n\t\t\t\t    \t<a class=\"nd_elements_section\" href=\"https:\/\/ovifon.hu\/en\/new-courses\/\">\n\t\t\t\t    \t\t<h3 class=\"nd_elements_font_size_23 nd_elements_word_break_break_word nd_elements_font_size_20_iphone nd_elements_line_height_23 nd_elements_margin_0_important nd_elements_letter_spacing_1\"><strong>New Courses<\/strong><\/h3>\n\t\t\t\t    \t<\/a>\n\t\t\t\t    \t<div class=\"nd_elements_section nd_elements_height_20\"><\/div>\n\t\t\t\t    \t<p class=\"nd_elements_font_size_15 nd_elements_section nd_elements_margin_0_important nd_elements_line_height_2\">Lorem ipsum dolor sit amet, consectetur adipiscing elit. Etiam pharetra, risus ac hendrerit consectetur, elit nisl luctus est.<\/p>\n\t\t\t\t    \t<div class=\"nd_elements_section nd_elements_height_20\"><\/div>\n\n\t\t\t\t    \t<a class=\"nd_options_color_white nd_elements_font_size_13 nd_elements_letter_spacing_1 nd_elements_line_height_1 nd_elements_padding_10_20\" style=\"background-color:#c489ce;\" href=\"https:\/\/ovifon.hu\/en\/new-courses\/\"><strong>READ MORE<\/strong><\/a>\n\n\t\t\t\t\t<\/div>\n\n\t\t\t\t<\/div>\n\t\t    \t\n\t\t\t<\/div>\n\t    \t<div class=\"nd_elements_width_33_percentage nd_elements_width_100_percentage_iphone nd_elements_width_50_percentage_ipad nd_elements_float_left nd_elements_masonry_item nd_elements_padding_15 nd_elements_box_sizing_border_box\">\n\n\t    \t\t<div class=\"nd_elements_section nd_elements_background_color_fff nd_elements_border_1_solid_grey\">\n\n\t\t    \t\t<a href=\"https:\/\/ovifon.hu\/en\/teacher-talks\/\"><img decoding=\"async\" class=\"nd_elements_section\" alt=\"\" src=\"https:\/\/ovifon.hu\/wp-content\/uploads\/2021\/03\/post-2.jpeg\"><\/a>\n\n\t\t    \t\t\n\n\n\t\t    \t\t<div class=\"nd_elements_section nd_elements_padding_40 nd_elements_padding_20_iphone nd_elements_box_sizing_border_box\">\n\t\t    \t\t \n\n\t\t    \t\t\t<p style=\"border-left-color:#e16c6c\" class=\"nd_elements_margin_0_important nd_elements_padding_0 nd_elements_letter_spacing_1 nd_elements_font_size_13  nd_elements_line_height_13 nd_elements_padding_left_15 nd_elements_border_left_style_solid nd_elements_border_width_2\">2021.03.26.\t\n\t\t    \t\t\t<\/p>\n\t\t\t    \t\t<div class=\"nd_elements_section nd_elements_height_15\"><\/div>\n\n\t\t\t\t    \t<a class=\"nd_elements_section\" href=\"https:\/\/ovifon.hu\/en\/teacher-talks\/\">\n\t\t\t\t    \t\t<h3 class=\"nd_elements_font_size_23 nd_elements_word_break_break_word nd_elements_font_size_20_iphone nd_elements_line_height_23 nd_elements_margin_0_important nd_elements_letter_spacing_1\"><strong>Teacher Talks<\/strong><\/h3>\n\t\t\t\t    \t<\/a>\n\t\t\t\t    \t<div class=\"nd_elements_section nd_elements_height_20\"><\/div>\n\t\t\t\t    \t<p class=\"nd_elements_font_size_15 nd_elements_section nd_elements_margin_0_important nd_elements_line_height_2\">Lorem ipsum dolor sit amet, consectetur adipiscing elit. Etiam pharetra, risus ac hendrerit consectetur, elit nisl luctus est.<\/p>\n\t\t\t\t    \t<div class=\"nd_elements_section nd_elements_height_20\"><\/div>\n\n\t\t\t\t    \t<a class=\"nd_options_color_white nd_elements_font_size_13 nd_elements_letter_spacing_1 nd_elements_line_height_1 nd_elements_padding_10_20\" style=\"background-color:#e16c6c;\" href=\"https:\/\/ovifon.hu\/en\/teacher-talks\/\"><strong>READ MORE<\/strong><\/a>\n\n\t\t\t\t\t<\/div>\n\n\t\t\t\t<\/div>\n\t\t    \t\n\t\t\t<\/div>\n\t    \t<div class=\"nd_elements_width_33_percentage nd_elements_width_100_percentage_iphone nd_elements_width_50_percentage_ipad nd_elements_float_left nd_elements_masonry_item nd_elements_padding_15 nd_elements_box_sizing_border_box\">\n\n\t\t\t\t<div class=\"nd_elements_section nd_elements_position_relative\">\n            \n\t\t\t  \t\t<div class=\"nd_elements_section nd_elements_position_relative\">\n\t\t\t        \t\n\t\t\t        \t<a href=\"https:\/\/ovifon.hu\/en\/open-lessons\/\"><img decoding=\"async\" class=\"nd_elements_section\" alt=\"\" src=\"https:\/\/ovifon.hu\/wp-content\/uploads\/2021\/03\/post-6.jpeg\"><\/a>\n\t\t\t        \n\t\t\t        \t<div style=\"background: -webkit-linear-gradient(top, #1d1d1d00 40%,#1d1d1dcc 100%)\" class=\"nd_elements_position_absolute nd_elements_left_0 nd_elements_height_100_percentage nd_elements_width_100_percentage nd_elements_padding_40 nd_elements_padding_20_iphone nd_elements_box_sizing_border_box\">\n\t\t\t\t    \t\n\t\t\t\t\t    \t<div class=\"nd_elements_position_absolute nd_elements_bottom_40 nd_elements_bottom_20_iphone\">\n\n\t\t\t\t\t    \t\t<p style=\"border-left-color:#fff;\" class=\"nd_options_color_white nd_elements_margin_0_important nd_elements_padding_0 nd_elements_letter_spacing_1 nd_elements_font_size_13  nd_elements_line_height_13 nd_elements_padding_left_15 nd_elements_border_left_style_solid nd_elements_border_width_2\">2021.03.26.\t\n\t\t\t\t    \t\t\t<\/p>\n\t\t\t\t\t    \t\t<div class=\"nd_elements_section nd_elements_height_15\"><\/div>\n\n\t\t\t\t\t\t    \t<a class=\"nd_elements_section\" href=\"https:\/\/ovifon.hu\/en\/open-lessons\/\">\n\t\t\t\t\t\t    \t\t<h3 class=\"nd_options_color_white nd_elements_font_size_23 nd_elements_word_break_break_word nd_elements_font_size_20_iphone nd_elements_line_height_23 nd_elements_margin_0_important nd_elements_letter_spacing_1\"><strong>Open Lessons<\/strong><\/h3>\n\t\t\t\t\t\t    \t<\/a>\n\n\t\t\t\t\t    \t<\/div>\n\n\t\t\t\t\t\t<\/div>\n\n\n\t\t\t    \t<\/div>\n\t\t\t    \n\t\t\t    <\/div>\n\n\t\t\t<\/div>\n\t    \t<div class=\"nd_elements_width_33_percentage nd_elements_width_100_percentage_iphone nd_elements_width_50_percentage_ipad nd_elements_float_left nd_elements_masonry_item nd_elements_padding_15 nd_elements_box_sizing_border_box\">\n\n\t    \t\t<div class=\"nd_elements_section nd_elements_background_color_fff nd_elements_border_1_solid_grey\">\n\n\t\t    \t\t\n\n\t\t    \t\t\n\n\n\t\t    \t\t<div class=\"nd_elements_section nd_elements_padding_40 nd_elements_padding_20_iphone nd_elements_box_sizing_border_box\">\n\t\t    \t\t \n\n\t\t    \t\t\t<p style=\"border-left-color:#1d1d1d\" class=\"nd_elements_margin_0_important nd_elements_padding_0 nd_elements_letter_spacing_1 nd_elements_font_size_13  nd_elements_line_height_13 nd_elements_padding_left_15 nd_elements_border_left_style_solid nd_elements_border_width_2\">2022.03.17.\t\n\t\t    \t\t\t<\/p>\n\t\t\t    \t\t<div class=\"nd_elements_section nd_elements_height_15\"><\/div>\n\n\t\t\t\t    \t<a class=\"nd_elements_section\" href=\"https:\/\/ovifon.hu\/en\/adatvedelmi-szabalyzat\/\">\n\t\t\t\t    \t\t<h3 class=\"nd_elements_font_size_23 nd_elements_word_break_break_word nd_elements_font_size_20_iphone nd_elements_line_height_23 nd_elements_margin_0_important nd_elements_letter_spacing_1\"><strong>Adatv\u00e9delmi szab\u00e1lyzat<\/strong><\/h3>\n\t\t\t\t    \t<\/a>\n\t\t\t\t    \t<div class=\"nd_elements_section nd_elements_height_20\"><\/div>\n\t\t\t\t    \t<p class=\"nd_elements_font_size_15 nd_elements_section nd_elements_margin_0_important nd_elements_line_height_2\">&nbsp; &nbsp; Tartalomjegyz&eacute;k 1.&nbsp;Bevezet&eacute;s&nbsp;3 1.1.&nbsp;A Szab&aacute;lyzat c&eacute;lja&nbsp;3 2.&nbsp;Szab&aacute;lyzat hat&aacute;lya&nbsp;3 2.1.&nbsp;A Szab&aacute;lyzat szem&eacute;lyi hat&aacute;lya&nbsp;3 2.2.&nbsp;A Szab&aacute;lyzat id\u0151beli hat&aacute;lya&nbsp;3 2.3.&nbsp;A Szab&aacute;lyzat t&aacute;rgyi hat&aacute;ly&nbsp;3 3.&nbsp;&Eacute;rtelmez\u0151 rendelkez&eacute;sek&nbsp;3 4.&nbsp;Az adatv&eacute;delem alapelvei&nbsp;7 4.1.&nbsp;Jogszer\u0171s&eacute;g, tisztess&eacute;ges elj&aacute;r&aacute;s &eacute;s &aacute;tl&aacute;that&oacute;s&aacute;g&nbsp;7 4.2.&nbsp;C&eacute;lhoz k&ouml;t&ouml;tts&eacute;g, adattakar&eacute;koss&aacute;g &eacute;s korl&aacute;tozott t&aacute;rolhat&oacute;s&aacute;g&nbsp;7 4.3.&nbsp;Pontoss&aacute;g&nbsp;8 4.4.&nbsp;Integrit&aacute;s &eacute;s bizalmas jelleg&nbsp;8 4.5.&nbsp;Elsz&aacute;moltathat&oacute;s&aacute;g&nbsp;9 5.&nbsp;Az adatkezel&eacute;s jogalapjai&nbsp;10 5.1.&nbsp;Szerz\u0151d&eacute;s&nbsp;10 5.2.&nbsp;Jogi k&ouml;telezetts&eacute;g&nbsp;10 5.3.&nbsp;Jogos &eacute;rdek&nbsp;11 5.4.&nbsp;Hozz&aacute;j&aacute;rul&aacute;s&nbsp;11 6.&nbsp;A szem&eacute;lyes adatok [&hellip;]<\/p>\n\t\t\t\t    \t<div class=\"nd_elements_section nd_elements_height_20\"><\/div>\n\n\t\t\t\t    \t<a class=\"nd_options_color_white nd_elements_font_size_13 nd_elements_letter_spacing_1 nd_elements_line_height_1 nd_elements_padding_10_20\" style=\"background-color:#1d1d1d;\" href=\"https:\/\/ovifon.hu\/en\/adatvedelmi-szabalyzat\/\"><strong>READ MORE<\/strong><\/a>\n\n\t\t\t\t\t<\/div>\n\n\t\t\t\t<\/div>\n\t\t    \t\n\t\t\t<\/div>\n<\/div>\t\t<\/div>\n\t\t\t\t<\/div>\n\t\t\t\t<div class=\"elementor-element elementor-element-56d4245 elementor-widget elementor-widget-customcss\" data-id=\"56d4245\" data-element_type=\"widget\" data-widget_type=\"customcss.default\">\n\t\t\t\t<div class=\"elementor-widget-container\">\n\t\t\t<style type=\"text\/css\">.nd_elements_masonry_content a.nd_options_color_white.nd_elements_padding_10_20 { padding-top: 13px !important ; }<\/style>\t\t<\/div>\n\t\t\t\t<\/div>\n\t\t\t\t\t<\/div>\n\t\t<\/div>\n\t\t\t\t\t\t\t<\/div>\n\t\t<\/section>\n\t\t\t\t\t\t<\/div>\n\t\t\t\t\t<\/div>","protected":false},"excerpt":{"rendered":"<p>Archive www.nicdark.com March 26, 2021 Certifications Lorem ipsum dolor sit amet, consectetur adipiscing elit. Etiam pharetra, risus ac hendrerit consectetur, elit nisl luctus est. READ MORE A excellent restaurant is like a tasty &amp; good vacation. Emily Miller March 26, 2021 New Courses Lorem ipsum dolor sit amet, consectetur adipiscing elit. Etiam pharetra, risus ac [&hellip;]<\/p>","protected":false},"author":1,"featured_media":0,"parent":0,"menu_order":0,"comment_status":"closed","ping_status":"closed","template":"","meta":[],"_links":{"self":[{"href":"https:\/\/ovifon.hu\/en\/wp-json\/wp\/v2\/pages\/558"}],"collection":[{"href":"https:\/\/ovifon.hu\/en\/wp-json\/wp\/v2\/pages"}],"about":[{"href":"https:\/\/ovifon.hu\/en\/wp-json\/wp\/v2\/types\/page"}],"author":[{"embeddable":true,"href":"https:\/\/ovifon.hu\/en\/wp-json\/wp\/v2\/users\/1"}],"replies":[{"embeddable":true,"href":"https:\/\/ovifon.hu\/en\/wp-json\/wp\/v2\/comments?post=558"}],"version-history":[{"count":0,"href":"https:\/\/ovifon.hu\/en\/wp-json\/wp\/v2\/pages\/558\/revisions"}],"wp:attachment":[{"href":"https:\/\/ovifon.hu\/en\/wp-json\/wp\/v2\/media?parent=558"}],"curies":[{"name":"wp","href":"https:\/\/api.w.org\/{rel}","templated":true}]}}